{"id":2580,"date":"2020-01-20T15:16:34","date_gmt":"2020-01-20T14:16:34","guid":{"rendered":"http:\/\/10.150.140.25:8083\/new-portal\/?page_id=2580"},"modified":"2025-07-03T15:13:35","modified_gmt":"2025-07-03T13:13:35","slug":"tariffe","status":"publish","type":"page","link":"https:\/\/www.d-flight.it\/new_portal\/en\/tariffe\/","title":{"rendered":"Prices"},"content":{"rendered":"\t\t<div data-elementor-type=\"wp-post\" data-elementor-id=\"2580\" class=\"elementor elementor-2580\">\n\t\t\t\t\t\t<section class=\"elementor-section elementor-top-section elementor-element elementor-element-c37a0b9 elementor-section-stretched elementor-section-full_width elementor-section-height-default elementor-section-height-default\" data-id=\"c37a0b9\" data-element_type=\"section\" data-e-type=\"section\" data-settings=\"{&quot;stretch_section&quot;:&quot;section-stretched&quot;}\">\n\t\t\t\t\t\t<div class=\"elementor-container elementor-column-gap-no\">\n\t\t\t\t\t<div class=\"elementor-column elementor-col-100 elementor-top-column elementor-element elementor-element-fa1bcdf sc_inner_width_none sc_content_align_inherit sc_layouts_column_icons_position_left\" data-id=\"fa1bcdf\" data-element_type=\"column\" data-e-type=\"column\">\n\t\t\t<div class=\"elementor-widget-wrap elementor-element-populated\">\n\t\t\t\t\t\t<div class=\"elementor-element elementor-element-4aa728e sc_fly_static elementor-widget elementor-widget-trx_widget_slider\" data-id=\"4aa728e\" data-element_type=\"widget\" data-e-type=\"widget\" data-widget_type=\"trx_widget_slider.default\">\n\t\t\t\t<div class=\"elementor-widget-container\">\n\t\t\t\t\t<div id=\"trx_widget_slider_64509918\" class=\"widget_area sc_widget_slider\"><aside id=\"trx_widget_slider_64509918_widget\" class=\"widget widget_slider\">\t\t\t<div class=\"slider_wrap slider_engine_revo slider_alias_home-3-1\">\r\n\t\t\t\t\n\t\t\t\t<p class=\"rs-p-wp-fix\"><\/p>\n\t\t\t\t<sr7-module data-alias=\"home-3-1\" data-id=\"5\" id=\"SR7_5_1\" class=\"rs-ov-hidden\" data-version=\"6.7.41\">\n\t\t\t\t\t<sr7-adjuster><\/sr7-adjuster>\n\t\t\t\t\t<sr7-content>\n\t\t\t\t\t\t<sr7-slide id=\"SR7_5_1-6\" data-key=\"6\">\n\t\t\t\t\t\t\t<sr7-bg id=\"SR7_5_1-6-3\" class=\"sr7-layer\"><noscript><img decoding=\"async\" src=\"https:\/\/www.d-flight.it\/new_portal\/wp-content\/uploads\/2020\/01\/wd-1024x535-1.jpg\" alt=\"\" title=\"wd-1024&#215;535\"><\/noscript><\/sr7-bg>\n\t\t\t\t\t\t\t<sr7-txt id=\"SR7_5_1-6-2\" class=\"sr7-layer\"><span class=\"thin\"> Tariffe<\/span>\n<span class=\"accent_2\"> d-flight<\/span>\n<\/sr7-txt>\n\t\t\t\t\t\t<\/sr7-slide>\n\t\t\t\t\t\t<sr7-slide id=\"SR7_5_1-13\" data-key=\"13\">\n\t\t\t\t\t\t<\/sr7-slide>\n\t\t\t\t\t<\/sr7-content>\n\t\t\t\t\t<image_lists style=\"display:none\">\n\t\t\t\t\t\t<img data-src=\"\/\/www.d-flight.it\/new_portal\/wp-content\/uploads\/2020\/01\/wd-1024x535-1.jpg\" data-libid=\"2406\" data-lib=\"medialibrary\" title=\"wd-1024&#215;535\" width=\"0\" height=\"0\" data-dbsrc=\"Ly93d3cuZC1mbGlnaHQuaXQvbmV3X3BvcnRhbC93cC1jb250ZW50L3VwbG9hZHMvMjAyMC8wMS93ZC0xMDI0eDUzNS0xLmpwZw==\"\/>\n\t\t\t\t\t<\/image_lists>\n\t\t\t\t<\/sr7-module>\n\t\t\t\t<script>\n\t\t\t\t\tSR7.PMH ??={}; SR7.PMH[\"SR7_5_1\"] = {cn:100,state:false,fn: function() { if (_tpt!==undefined && _tpt.prepareModuleHeight !== undefined) {  _tpt.prepareModuleHeight({id:\"SR7_5_1\",el:[674,674,750,650,650],type:'standard',shdw:'0',gh:[674,674,450,450,450],gw:[1350,1350,1000,778,480],vpt:['-200px&#039;,&#039;-200px&#039;,&#039;-200px&#039;,&#039;-200px&#039;,&#039;-200px'],size:{fullWidth:false, fullHeight:false},mh:'0',onh:0,onw:0,bg:{color:'{\"orig\":\"transparent\",\"type\":\"solid\",\"string\":\"transparent\"}'},plType:'0',plColor:'#FFFFFF'});   SR7.PMH[\"SR7_5_1\"].state=true;} else if(SR7.PMH[\"SR7_5_1\"].cn-->0)\tsetTimeout( SR7.PMH[\"SR7_5_1\"].fn,19);}};SR7.PMH[\"SR7_5_1\" ].fn();\n\t\t\t\t<\/script>\n\t\t\t<\/div>\r\n\t\t\t<\/aside><\/div>\t\t\t\t<\/div>\n\t\t\t\t<\/div>\n\t\t\t\t\t<\/div>\n\t\t<\/div>\n\t\t\t\t\t<\/div>\n\t\t<\/section>\n\t\t\t\t<section class=\"elementor-section elementor-top-section elementor-element elementor-element-5529180 elementor-section-boxed elementor-section-height-default elementor-section-height-default\" data-id=\"5529180\" data-element_type=\"section\" data-e-type=\"section\">\n\t\t\t\t\t\t<div class=\"elementor-container elementor-column-gap-extended\">\n\t\t\t\t\t<div class=\"elementor-column elementor-col-100 elementor-top-column elementor-element elementor-element-7da96d5 sc_inner_width_none sc_content_align_inherit sc_layouts_column_icons_position_left\" data-id=\"7da96d5\" data-element_type=\"column\" data-e-type=\"column\">\n\t\t\t<div class=\"elementor-widget-wrap elementor-element-populated\">\n\t\t\t\t\t\t<div class=\"elementor-element elementor-element-a7c3bc4 sc_fly_static elementor-widget elementor-widget-spacer\" data-id=\"a7c3bc4\" data-element_type=\"widget\" data-e-type=\"widget\" data-widget_type=\"spacer.default\">\n\t\t\t\t<div class=\"elementor-widget-container\">\n\t\t\t\t\t\t\t<div class=\"elementor-spacer\">\n\t\t\t<div class=\"elementor-spacer-inner\"><\/div>\n\t\t<\/div>\n\t\t\t\t\t\t<\/div>\n\t\t\t\t<\/div>\n\t\t\t\t\t<\/div>\n\t\t<\/div>\n\t\t\t\t\t<\/div>\n\t\t<\/section>\n\t\t\t\t<section class=\"elementor-section elementor-top-section elementor-element elementor-element-8d05121 elementor-section-boxed elementor-section-height-default elementor-section-height-default\" data-id=\"8d05121\" data-element_type=\"section\" data-e-type=\"section\">\n\t\t\t\t\t\t<div class=\"elementor-container elementor-column-gap-extended\">\n\t\t\t\t\t<div class=\"elementor-column elementor-col-16 elementor-top-column elementor-element elementor-element-6710274 sc_inner_width_none sc_content_align_inherit sc_layouts_column_icons_position_left\" data-id=\"6710274\" data-element_type=\"column\" data-e-type=\"column\">\n\t\t\t<div class=\"elementor-widget-wrap\">\n\t\t\t\t\t\t\t<\/div>\n\t\t<\/div>\n\t\t\t\t<div class=\"elementor-column elementor-col-16 elementor-top-column elementor-element elementor-element-694c112 sc_inner_width_none sc_content_align_inherit sc_layouts_column_icons_position_left\" data-id=\"694c112\" data-element_type=\"column\" data-e-type=\"column\">\n\t\t\t<div class=\"elementor-widget-wrap elementor-element-populated\">\n\t\t\t\t\t\t<div class=\"elementor-element elementor-element-16516ca sc_fly_static elementor-widget elementor-widget-text-editor\" data-id=\"16516ca\" data-element_type=\"widget\" data-e-type=\"widget\" data-widget_type=\"text-editor.default\">\n\t\t\t\t<div class=\"elementor-widget-container\">\n\t\t\t\t\t\t\t\t\t<p><strong style=\"font-size: 16px;\"><em>Schema tariffario: la seguente tabella descrive le modalit\u00e0 di accesso ai servizi erogati da d-flight e le relative tariffe applicabili<\/em><\/strong><\/p>\t\t\t\t\t\t\t\t<\/div>\n\t\t\t\t<\/div>\n\t\t\t\t\t<\/div>\n\t\t<\/div>\n\t\t\t\t<div class=\"elementor-column elementor-col-66 elementor-top-column elementor-element elementor-element-9f5554e sc_inner_width_none sc_content_align_inherit sc_layouts_column_icons_position_left\" data-id=\"9f5554e\" data-element_type=\"column\" data-e-type=\"column\">\n\t\t\t<div class=\"elementor-widget-wrap\">\n\t\t\t\t\t\t\t<\/div>\n\t\t<\/div>\n\t\t\t\t\t<\/div>\n\t\t<\/section>\n\t\t\t\t<section class=\"elementor-section elementor-top-section elementor-element elementor-element-78687f2 elementor-section-boxed elementor-section-height-default elementor-section-height-default\" data-id=\"78687f2\" data-element_type=\"section\" data-e-type=\"section\">\n\t\t\t\t\t\t<div class=\"elementor-container elementor-column-gap-extended\">\n\t\t\t\t\t<div class=\"elementor-column elementor-col-16 elementor-top-column elementor-element elementor-element-14ff82e sc_inner_width_none sc_content_align_inherit sc_layouts_column_icons_position_left\" data-id=\"14ff82e\" data-element_type=\"column\" data-e-type=\"column\">\n\t\t\t<div class=\"elementor-widget-wrap\">\n\t\t\t\t\t\t\t<\/div>\n\t\t<\/div>\n\t\t\t\t<div class=\"elementor-column elementor-col-66 elementor-top-column elementor-element elementor-element-12477cf sc_inner_width_none sc_content_align_inherit sc_layouts_column_icons_position_left\" data-id=\"12477cf\" data-element_type=\"column\" data-e-type=\"column\">\n\t\t\t<div class=\"elementor-widget-wrap elementor-element-populated\">\n\t\t\t\t\t\t<div class=\"elementor-element elementor-element-1abe8ba sc_fly_static elementor-widget elementor-widget-spacer\" data-id=\"1abe8ba\" data-element_type=\"widget\" data-e-type=\"widget\" data-widget_type=\"spacer.default\">\n\t\t\t\t<div class=\"elementor-widget-container\">\n\t\t\t\t\t\t\t<div class=\"elementor-spacer\">\n\t\t\t<div class=\"elementor-spacer-inner\"><\/div>\n\t\t<\/div>\n\t\t\t\t\t\t<\/div>\n\t\t\t\t<\/div>\n\t\t\t\t\t<\/div>\n\t\t<\/div>\n\t\t\t\t<div class=\"elementor-column elementor-col-16 elementor-top-column elementor-element elementor-element-e939a7d sc_inner_width_none sc_content_align_inherit sc_layouts_column_icons_position_left\" data-id=\"e939a7d\" data-element_type=\"column\" data-e-type=\"column\">\n\t\t\t<div class=\"elementor-widget-wrap\">\n\t\t\t\t\t\t\t<\/div>\n\t\t<\/div>\n\t\t\t\t\t<\/div>\n\t\t<\/section>\n\t\t\t\t<section class=\"elementor-section elementor-top-section elementor-element elementor-element-285beaf elementor-section-boxed elementor-section-height-default elementor-section-height-default\" data-id=\"285beaf\" data-element_type=\"section\" data-e-type=\"section\">\n\t\t\t\t\t\t<div class=\"elementor-container elementor-column-gap-extended\">\n\t\t\t\t\t<div class=\"elementor-column elementor-col-16 elementor-top-column elementor-element elementor-element-e63a1fc sc_inner_width_none sc_content_align_inherit sc_layouts_column_icons_position_left\" data-id=\"e63a1fc\" data-element_type=\"column\" data-e-type=\"column\">\n\t\t\t<div class=\"elementor-widget-wrap\">\n\t\t\t\t\t\t\t<\/div>\n\t\t<\/div>\n\t\t\t\t<div class=\"elementor-column elementor-col-66 elementor-top-column elementor-element elementor-element-69572f4 sc_inner_width_none sc_content_align_inherit sc_layouts_column_icons_position_left\" data-id=\"69572f4\" data-element_type=\"column\" data-e-type=\"column\">\n\t\t\t<div class=\"elementor-widget-wrap elementor-element-populated\">\n\t\t\t\t\t\t<div class=\"elementor-element elementor-element-32ceefc sc_fly_static elementor-widget elementor-widget-shortcode\" data-id=\"32ceefc\" data-element_type=\"widget\" data-e-type=\"widget\" data-widget_type=\"shortcode.default\">\n\t\t\t\t<div class=\"elementor-widget-container\">\n\t\t\t\t\t\t\t<div class=\"elementor-shortcode\">\n<table id=\"tablepress-8\" class=\"tablepress tablepress-id-8\">\n<thead>\n<tr class=\"row-1\">\n\t<td class=\"column-1\"><\/td><th class=\"column-2\">Utenza non accreditata<\/th><th class=\"column-3\">Accreditamento<br \/>\n<br \/>\ngratis<\/th><th class=\"column-4\">Abbonamento Base<br \/>\n<br \/>\n7 \u20ac\/anno IVA inclusa<\/th><th class=\"column-5\">Abbonamento PRO<br \/>\n<br \/>\n28 \u20ac\/anno IVA inclusa<\/th>\n<\/tr>\n<\/thead>\n<tbody class=\"row-striping row-hover\">\n<tr class=\"row-2\">\n\t<td class=\"column-1\"><\/td><td class=\"column-2\">Navigazione CMS<br \/>\n<br \/>\nService Desk no priority<\/td><td class=\"column-3\">Geoawareness Base<br \/>\n<br \/>\nGestione Flotta<br \/>\n<br \/>\nService Desk no priority<br \/>\n<br \/>\nStore<\/td><td class=\"column-4\">Registrazione Operatore UAS e QR code europeo<br \/>\n<br \/>\n1 QR code UAS base incluso<br \/>\n(solo alla prima attivazione dell'abbonamento)<br \/>\n<br \/>\nAttivazione altri QR code UAS Base<br \/>\n<br \/>\nInteroperabilit\u00e0 registro europeo<br \/>\n<br \/>\nLayer GIS Base<br \/>\n<br \/>\nSituation Awareness Base<br \/>\n<br \/>\nUpgrade Abbonamento PRO<br \/>\n<br \/>\nService Desk priority<\/td><td class=\"column-5\">Registrazione Operatore UAS e QR code europeo<br \/>\n<br \/>\n1 QR code UAS base incluso<br \/>\n(solo alla prima attivazione dell'abbonamento)<br \/>\n<br \/>\nInteroperabilit\u00e0 registro europeo<br \/>\n<br \/>\nAttivazione QR code UAS Base<br \/>\n<br \/>\nAttivazione QR code UAS PRO<br \/>\n<br \/>\nLayer GIS a valore aggiunto<br \/>\n<br \/>\nSituation Awareness<br \/>\n<br \/>\nService Desk High priority<\/td>\n<\/tr>\n<tr class=\"row-3\">\n\t<td class=\"column-1\"><strong>Qr Code UAS Base<br \/>\n<br \/>\n7 \u20ac per UAS IVA inclusa<\/strong><\/td><td class=\"column-2\"><\/td><td class=\"column-3\"><\/td><td class=\"column-4\">DOA (OPEN Category)<br \/>\n<br \/>\nTracking<\/td><td class=\"column-5\">DOA (OPEN Category)<br \/>\n<br \/>\nTracking<br \/>\n<br \/>\nUpgrade QR Code UAS da base a PRO<br \/>\n<br \/>\nPubblicazione nella lista operatori (opzionale)<\/td>\n<\/tr>\n<tr class=\"row-4\">\n\t<td class=\"column-1\"><strong>Qr Code UAS PRO<br \/>\n<br \/>\n112 \u20ac per UAS IVA inclusa<\/strong><\/td><td class=\"column-2\"><\/td><td class=\"column-3\"><\/td><td class=\"column-4\"><\/td><td class=\"column-5\">Dichiarazione Scenari Standard<br \/>\n<br \/>\nAutorizzazioni (TBD)<br \/>\n<br \/>\nDOP (SPECIFIC Category)<br \/>\n<br \/>\nTracking<br \/>\n<br \/>\nPubblicazione nella lista operatori (opzionale)<\/td>\n<\/tr>\n<\/tbody>\n<\/table>\n<!-- #tablepress-8 from cache --><\/div>\n\t\t\t\t\t\t<\/div>\n\t\t\t\t<\/div>\n\t\t\t\t\t<\/div>\n\t\t<\/div>\n\t\t\t\t<div class=\"elementor-column elementor-col-16 elementor-top-column elementor-element elementor-element-0ff4710 sc_inner_width_none sc_content_align_inherit sc_layouts_column_icons_position_left\" data-id=\"0ff4710\" data-element_type=\"column\" data-e-type=\"column\">\n\t\t\t<div class=\"elementor-widget-wrap\">\n\t\t\t\t\t\t\t<\/div>\n\t\t<\/div>\n\t\t\t\t\t<\/div>\n\t\t<\/section>\n\t\t\t\t<section class=\"elementor-section elementor-top-section elementor-element elementor-element-4ebc73d elementor-section-boxed elementor-section-height-default elementor-section-height-default\" data-id=\"4ebc73d\" data-element_type=\"section\" data-e-type=\"section\">\n\t\t\t\t\t\t<div class=\"elementor-container elementor-column-gap-extended\">\n\t\t\t\t\t<div class=\"elementor-column elementor-col-16 elementor-top-column elementor-element elementor-element-a674143 sc_inner_width_none sc_content_align_inherit sc_layouts_column_icons_position_left\" data-id=\"a674143\" data-element_type=\"column\" data-e-type=\"column\">\n\t\t\t<div class=\"elementor-widget-wrap\">\n\t\t\t\t\t\t\t<\/div>\n\t\t<\/div>\n\t\t\t\t<div class=\"elementor-column elementor-col-66 elementor-top-column elementor-element elementor-element-0968125 sc_inner_width_none sc_content_align_inherit sc_layouts_column_icons_position_left\" data-id=\"0968125\" data-element_type=\"column\" data-e-type=\"column\">\n\t\t\t<div class=\"elementor-widget-wrap elementor-element-populated\">\n\t\t\t\t\t\t<div class=\"elementor-element elementor-element-0240c4e sc_fly_static elementor-widget elementor-widget-text-editor\" data-id=\"0240c4e\" data-element_type=\"widget\" data-e-type=\"widget\" data-widget_type=\"text-editor.default\">\n\t\t\t\t<div class=\"elementor-widget-container\">\n\t\t\t\t\t\t\t\t\t<p><strong>N.B. Il riporto in d-flight delle dichiarazioni gi\u00e0 rilasciate da ENAC e la cui tariffa \u00e8 gi\u00e0 stata regolarmente versata ad ENAC, non comporta alcun onere economico verso ENAC. Le nuove dichiarazioni saranno soggette al versamento della tariffa applicata da ENAC e riscossa direttamente da ENAC, secondo quanto riportato sul sito ENAC:\u00a0<br \/><a href=\"https:\/\/www.enac.gov.it\/sicurezza-aerea\/droni\/categoria-specifica-specific-category\/fatturazione-droni\/uas\/\" target=\"_blank\" rel=\"nofollow noopener\">https:\/\/www.enac.gov.it\/sicurezza-aerea\/droni\/categoria-specifica-specific-category\/fatturazione-droni\/uas\/<\/a>.<\/strong><\/p><p><strong>Per accedere al servizio, \u00e8 comunque necessario dotare il mezzo UAS per il quale si presta la dichiarazione di QR Code UAS PRO.<\/strong><\/p>\t\t\t\t\t\t\t\t<\/div>\n\t\t\t\t<\/div>\n\t\t\t\t\t<\/div>\n\t\t<\/div>\n\t\t\t\t<div class=\"elementor-column elementor-col-16 elementor-top-column elementor-element elementor-element-aa30da0 sc_inner_width_none sc_content_align_inherit sc_layouts_column_icons_position_left\" data-id=\"aa30da0\" data-element_type=\"column\" data-e-type=\"column\">\n\t\t\t<div class=\"elementor-widget-wrap\">\n\t\t\t\t\t\t\t<\/div>\n\t\t<\/div>\n\t\t\t\t\t<\/div>\n\t\t<\/section>\n\t\t\t\t<section class=\"elementor-section elementor-top-section elementor-element elementor-element-8b42ccf elementor-section-boxed elementor-section-height-default elementor-section-height-default\" data-id=\"8b42ccf\" data-element_type=\"section\" data-e-type=\"section\">\n\t\t\t\t\t\t<div class=\"elementor-container elementor-column-gap-extended\">\n\t\t\t\t\t<div class=\"elementor-column elementor-col-100 elementor-top-column elementor-element elementor-element-211af7f sc_inner_width_none sc_content_align_inherit sc_layouts_column_icons_position_left\" data-id=\"211af7f\" data-element_type=\"column\" data-e-type=\"column\">\n\t\t\t<div class=\"elementor-widget-wrap elementor-element-populated\">\n\t\t\t\t\t\t<div class=\"elementor-element elementor-element-e144d41 sc_fly_static elementor-widget elementor-widget-spacer\" data-id=\"e144d41\" data-element_type=\"widget\" data-e-type=\"widget\" data-widget_type=\"spacer.default\">\n\t\t\t\t<div class=\"elementor-widget-container\">\n\t\t\t\t\t\t\t<div class=\"elementor-spacer\">\n\t\t\t<div class=\"elementor-spacer-inner\"><\/div>\n\t\t<\/div>\n\t\t\t\t\t\t<\/div>\n\t\t\t\t<\/div>\n\t\t\t\t\t<\/div>\n\t\t<\/div>\n\t\t\t\t\t<\/div>\n\t\t<\/section>\n\t\t\t\t<section class=\"elementor-section elementor-top-section elementor-element elementor-element-508f15f elementor-section-boxed elementor-section-height-default elementor-section-height-default\" data-id=\"508f15f\" data-element_type=\"section\" data-e-type=\"section\">\n\t\t\t\t\t\t<div class=\"elementor-container elementor-column-gap-extended\">\n\t\t\t\t\t<div class=\"elementor-column elementor-col-100 elementor-top-column elementor-element elementor-element-4ebfccd sc_inner_width_none sc_content_align_inherit sc_layouts_column_icons_position_left\" data-id=\"4ebfccd\" data-element_type=\"column\" data-e-type=\"column\">\n\t\t\t<div class=\"elementor-widget-wrap elementor-element-populated\">\n\t\t\t\t\t\t<div class=\"elementor-element elementor-element-c36491e sc_fly_static elementor-widget elementor-widget-spacer\" data-id=\"c36491e\" data-element_type=\"widget\" data-e-type=\"widget\" data-widget_type=\"spacer.default\">\n\t\t\t\t<div class=\"elementor-widget-container\">\n\t\t\t\t\t\t\t<div class=\"elementor-spacer\">\n\t\t\t<div class=\"elementor-spacer-inner\"><\/div>\n\t\t<\/div>\n\t\t\t\t\t\t<\/div>\n\t\t\t\t<\/div>\n\t\t\t\t\t<\/div>\n\t\t<\/div>\n\t\t\t\t\t<\/div>\n\t\t<\/section>\n\t\t\t\t<section class=\"elementor-section elementor-top-section elementor-element elementor-element-860a6c2 elementor-section-boxed elementor-section-height-default elementor-section-height-default\" data-id=\"860a6c2\" data-element_type=\"section\" data-e-type=\"section\">\n\t\t\t\t\t\t<div class=\"elementor-container elementor-column-gap-extended\">\n\t\t\t\t\t<div class=\"elementor-column elementor-col-100 elementor-top-column elementor-element elementor-element-1ecf40b sc_inner_width_none sc_content_align_inherit sc_layouts_column_icons_position_left\" data-id=\"1ecf40b\" data-element_type=\"column\" data-e-type=\"column\">\n\t\t\t<div class=\"elementor-widget-wrap elementor-element-populated\">\n\t\t\t\t\t\t\t<\/div>\n\t\t<\/div>\n\t\t\t\t\t<\/div>\n\t\t<\/section>\n\t\t\t\t<\/div>\n\t\t","protected":false},"excerpt":{"rendered":"<p>Tariffe d-flight Schema tariffario: la seguente tabella descrive le modalit\u00e0 di accesso ai servizi erogati da d-flight e le relative tariffe applicabili N.B. Il riporto in d-flight delle dichiarazioni gi\u00e0 rilasciate da ENAC e la cui tariffa \u00e8 gi\u00e0 stata&hellip;<\/p>","protected":false},"author":1,"featured_media":0,"parent":0,"menu_order":0,"comment_status":"closed","ping_status":"closed","template":"","meta":{"inline_featured_image":false,"footnotes":""},"class_list":["post-2580","page","type-page","status-publish","hentry"],"_links":{"self":[{"href":"https:\/\/www.d-flight.it\/new_portal\/en\/wp-json\/wp\/v2\/pages\/2580","targetHints":{"allow":["GET"]}}],"collection":[{"href":"https:\/\/www.d-flight.it\/new_portal\/en\/wp-json\/wp\/v2\/pages"}],"about":[{"href":"https:\/\/www.d-flight.it\/new_portal\/en\/wp-json\/wp\/v2\/types\/page"}],"author":[{"embeddable":true,"href":"https:\/\/www.d-flight.it\/new_portal\/en\/wp-json\/wp\/v2\/users\/1"}],"replies":[{"embeddable":true,"href":"https:\/\/www.d-flight.it\/new_portal\/en\/wp-json\/wp\/v2\/comments?post=2580"}],"version-history":[{"count":12,"href":"https:\/\/www.d-flight.it\/new_portal\/en\/wp-json\/wp\/v2\/pages\/2580\/revisions"}],"predecessor-version":[{"id":6580,"href":"https:\/\/www.d-flight.it\/new_portal\/en\/wp-json\/wp\/v2\/pages\/2580\/revisions\/6580"}],"wp:attachment":[{"href":"https:\/\/www.d-flight.it\/new_portal\/en\/wp-json\/wp\/v2\/media?parent=2580"}],"curies":[{"name":"wp","href":"https:\/\/api.w.org\/{rel}","templated":true}]}}