{"id":2968,"date":"2020-02-03T10:58:16","date_gmt":"2020-02-03T09:58:16","guid":{"rendered":"https:\/\/www.d-flight.it\/new_portal\/?page_id=2968"},"modified":"2026-05-13T14:41:08","modified_gmt":"2026-05-13T12:41:08","slug":"informativa-sul-trattamento-dei-dati","status":"publish","type":"page","link":"https:\/\/www.d-flight.it\/new_portal\/informativa-sul-trattamento-dei-dati\/","title":{"rendered":"Informativa sul trattamento dei dati"},"content":{"rendered":"\t\t<div data-elementor-type=\"wp-post\" data-elementor-id=\"2968\" class=\"elementor elementor-2968\">\n\t\t\t\t\t\t<section class=\"elementor-section elementor-top-section elementor-element elementor-element-bdf19db elementor-section-boxed elementor-section-height-default elementor-section-height-default\" data-id=\"bdf19db\" data-element_type=\"section\" data-e-type=\"section\">\n\t\t\t\t\t\t<div class=\"elementor-container elementor-column-gap-extended\">\n\t\t\t\t\t<div class=\"elementor-column elementor-col-100 elementor-top-column elementor-element elementor-element-3707b1f sc_inner_width_none sc_content_align_inherit sc_layouts_column_icons_position_left\" data-id=\"3707b1f\" data-element_type=\"column\" data-e-type=\"column\">\n\t\t\t<div class=\"elementor-widget-wrap elementor-element-populated\">\n\t\t\t\t\t\t<div class=\"elementor-element elementor-element-415cd59 sc_fly_static elementor-widget elementor-widget-spacer\" data-id=\"415cd59\" data-element_type=\"widget\" data-e-type=\"widget\" data-widget_type=\"spacer.default\">\n\t\t\t\t<div class=\"elementor-widget-container\">\n\t\t\t\t\t\t\t<div class=\"elementor-spacer\">\n\t\t\t<div class=\"elementor-spacer-inner\"><\/div>\n\t\t<\/div>\n\t\t\t\t\t\t<\/div>\n\t\t\t\t<\/div>\n\t\t\t\t<div class=\"elementor-element elementor-element-81071f8 sc_fly_static elementor-widget elementor-widget-text-editor\" data-id=\"81071f8\" data-element_type=\"widget\" data-e-type=\"widget\" data-widget_type=\"text-editor.default\">\n\t\t\t\t<div class=\"elementor-widget-container\">\n\t\t\t\t\t\t\t\t\t<p style=\"text-align: center;\"><em><small>\u00a0<\/small><\/em><b>INFORMATIVA SUL TRATTAMENTO DEI DATI PERSONALI<br \/><\/b><i>ai sensi dell\u2019articolo 13 del Regolamento (UE) 2016\/679<\/i><\/p><p style=\"text-align: justify;\">La presente informativa viene resa da d-flight Spa (di seguito, la \u201cSociet\u00e0\u201d o il \u201cTitolare\u201d) in qualit\u00e0 di titolare del trattamento ai sensi del Regolamento (UE) n. 679\/2016 (di seguito, il \u201cGDPR\u201d) e del Decreto Legislativo n. 196\/2003 e sue ss. mm. ii. (di seguito, il \u201cCodice\u201d e congiuntamente al GDPR, la \u201cNormativa Privacy \u201c<\/p><p style=\"text-align: justify;\"><b>ENAC<\/b> \u00e8 titolare del trattamento in relazione all\u2019erogazione dei servizi tramite la piattaforma d-flight [<a href=\"https:\/\/www.d-flight.it\/web-app\"><i>www.d-flight.it\/web-app<\/i><\/a>]<\/p><p style=\"text-align: justify;\"><b>ENAV Spa<\/b> \u00e8 responsabile del trattamento<\/p><p style=\"text-align: justify;\"><b>d-flight Spa<\/b> \u00e8 sub responsabile del trattamento dei dati personali.<\/p><p style=\"text-align: justify;\"><b>Identit\u00e0 e dati di contatto del titolare del trattamento<\/b><\/p><p style=\"text-align: justify;\">ENAC, con sede legale in Roma, via Castro Pretorio 118, \u00e8 titolare del trattamento per l\u2019erogazione dei servizi tramite la piattaforma d-flight cui ci si potr\u00e0 rivolgere per l\u2019esercizio dei diritti riconosciuti dal Regolamento (UE) 2016\/679 ai seguenti punti di contatto:<\/p><ul style=\"margin-top: 0cm;\" type=\"disc\"><li style=\"text-align: justify; mso-list: l0 level1 lfo1; tab-stops: list 36.0pt;\">telefono: (+39) 0644596200<\/li><li style=\"text-align: justify; mso-list: l0 level1 lfo1; tab-stops: list 36.0pt;\">e-mail: <a href=\"mailto:segreteria.presidente@enac.gov.it\">segreteria.presidente@enac.gov.it<\/a><\/li><\/ul><p style=\"text-align: justify;\">d-flight Spa, con sede legale in Roma, via Salaria 716, \u00e8 titolare del trattamento in relazione alle attivit\u00e0 connesse al marketing al quale ci si potr\u00e0 rivolgere per l\u2019esercizio dei diritti riconosciuti dal Regolamento (UE) 2016\/679 ai seguenti punti di contatto:<\/p><ul style=\"margin-top: 0cm;\" type=\"disc\"><li style=\"text-align: justify; mso-list: l4 level1 lfo2; tab-stops: list 36.0pt;\">e-mail: <a href=\"mailto:segreteria@d-flight.it\">segreteria@d-flight.it<\/a><\/li><\/ul><p style=\"text-align: justify;\"><b>Responsabile della protezione dei dati<\/b><\/p><p style=\"text-align: justify;\">Ciascun Titolare ha nominato il Responsabile della protezione dei dati, anche denominato Data Protection Officer (DPO), che potr\u00e0 essere contattato, utilizzando i recapiti forniti nella presente informativa, per ricevere maggiori informazioni sul trattamento dei dati personali e per ottenere assistenza in relazione ad ogni istanza rivolta al Titolare in materia di protezione dei dati personali.<\/p><ul style=\"margin-top: 0cm;\" type=\"disc\"><li style=\"text-align: justify; mso-list: l1 level1 lfo3; tab-stops: list 36.0pt;\">Il Responsabile d-flight della protezione dei dati (DPO) \u00e8 contattabile al seguente indirizzo e-mail: <a href=\"mailto:dpo@enav.it\">dpo@enav.it<\/a><\/li><li style=\"text-align: justify; mso-list: l1 level1 lfo3; tab-stops: list 36.0pt;\">Il Responsabile ENAC della protezione dei dati (DPO) \u00e8 contattabile al seguente indirizzo e-mail: <a href=\"mailto:privacy.dpo@pec.enac.gov.it\">privacy.dpo@pec.enac.gov.it<\/a><\/li><\/ul><p style=\"text-align: justify;\"><b>Dati personali trattati<\/b><\/p><p style=\"text-align: justify;\">d-flight con riferimento alle attivit\u00e0 di marketing nonch\u00e9 alle funzioni di supporto e assistenza agli utenti, tratter\u00e0 le seguenti categorie di dati personali, a titolo esemplificativo e non esaustivo:<\/p><ul><li style=\"text-align: justify;\"><!-- [if !supportLists]-->dati identificativi e di contatto quali: nome, cognome (invio tramite email \u00a0di Carta di identit\u00e0) , indirizzo mail, recapito telefonico;<\/li><li style=\"text-align: justify;\">dati relativi all\u2019ordine effettuato, ad esclusione dei dati relativi al pagamento.<\/li><\/ul><p style=\"text-align: justify;\"><b>Conseguenze della mancata comunicazione dei dati personali<\/b><\/p><p style=\"text-align: justify;\">Nei casi in cui il conferimento dei dati personali (in particolare i dati anagrafici, l\u2019indirizzo di posta elettronica) \u00e8 necessario, l\u2019eventuale rifiuto di indicarli comporterebbe l\u2019impossibilit\u00e0 di dare seguito alle richieste dell\u2019interessato ovvero di fornire i servizi disponibili o, ancora, di adempiere correttamente agli obblighi gravanti sul titolare del trattamento ai sensi dell\u2019applicabile normativa.<\/p><p style=\"text-align: justify;\"><b>Finalit\u00e0 e base giuridica<\/b><\/p><p style=\"text-align: justify;\">I dati personali saranno trattati da ENAC in relazione ai servizi relativi alla registrazione degli utenti della piattaforma e dei servizi erogati attraverso di essa, alla registrazione degli operatori dei Sistemi a Pilotaggio Remoto (SAPR) e al servizio di identificazione elettronica dei SAPR, ove previsto dai regolamenti vigenti emanati dall\u2019ENAC.<\/p><p style=\"text-align: justify;\">Le basi giuridiche del trattamento dei dati personali sono individuate:<\/p><ul style=\"margin-top: 0cm;\" type=\"disc\"><li style=\"text-align: justify; mso-list: l5 level1 lfo4; tab-stops: list 36.0pt;\">nell\u2019esecuzione di un contratto di cui l\u2019interessato \u00e8 parte o all\u2019esecuzione di misure precontrattuali adottate su richiesta dello stesso (articolo 6, paragrafo 1, lettera b), del Regolamento (UE) 2016\/679);<\/li><li style=\"text-align: justify; mso-list: l5 level1 lfo4; tab-stops: list 36.0pt;\">nell\u2019esecuzione di un compito di interesse pubblico o connesso all\u2019esercizio di pubblici poteri di cui \u00e8 investito il titolare del trattamento (articolo 6, paragrafo 1, lettera e), del Regolamento (UE) 2016\/679).<\/li><\/ul><p style=\"text-align: justify;\">I dati personali saranno inoltre trattati da d-flight in relazione alle attivit\u00e0 connesse al marketing (ad es.: inviti ad eventi, presentazione di nuovi prodotti e\/o servizi, invio periodico di newsletter), in presenza di un\u2019idonea base giuridica individuata nel consenso espresso dell\u2019interessato (articolo 6, paragrafo 1, lettera a), del Regolamento (UE) 2016\/679);<\/p><p style=\"text-align: justify;\"><b>Comunicazione dei dati <\/b><\/p><p style=\"text-align: justify;\">I dati personali sono trattati dal personale d-flight, incaricato del trattamento e debitamente istruito. I citati dati potranno essere comunicati ad eventuali soggetti terzi, in qualit\u00e0 di Responsabili del trattamento, opportunamente nominati ai sensi dell\u2019art. 28 del GDPR. \u00c8 fatta salva, in ogni caso, la comunicazione dei dati degli interessati a tutti i soggetti cui sia riconosciuta dalla legge la facolt\u00e0 di accedere. Inoltre, durante la fase del pagamento, l\u2019utente viene reindirizzato a un ambiente esterno al sito d-flight, gestito direttamente dal fornitore del sistema di pagamento selezionato, il quale tratta i dati in qualit\u00e0 di titolare autonomo.<\/p><p style=\"text-align: justify;\"><b>Conservazione dei dati personali<\/b><\/p><p style=\"text-align: justify;\">I dati personali saranno conservati per il tempo strettamente necessario al raggiungimento delle finalit\u00e0 per cui sono stati raccolti e comunque nei limiti temporali stabiliti dalla normativa vigente. I dati trattati in ambiente cloud sono conservati per 30 gg. dalla richiesta di cancellazione esercitata dall\u2019utente tramite apposita funzionalit\u00e0 d-flight. I dati relativi agli ordini verranno conservati, in coerenza con la normativa fiscale in materia, per un periodo di 5 anni con possibilit\u00e0 di estensione ove il dato assuma rilevanza contabile o probatoria. Conformemente a quanto previsto dalla normativa e saranno distrutti decorsi i termini dalla data in cui \u00e8 venuto meno il motivo del loro trattamento.<\/p><p style=\"text-align: justify;\"><b>Trasferimento dei dati personali verso paesi terzi o organizzazioni internazionali<\/b><\/p><p style=\"text-align: justify;\">I dati personali oggetto del trattamento non saranno diffusi e non saranno trasferiti all\u2019estero verso Paesi al di fuori dello Spazio Economico Europeo (SEE). Qualora, per esigenze tecniche o operative, si rendesse necessario il trasferimento dei dati verso Paesi terzi, il trasferimento avverr\u00e0 nel rispetto delle disposizioni di cui al Capo V del GDPR, mediante l\u2019adozione di garanzie adeguate, quali le Clausole Contrattuali Standard approvate dalla Commissione Europea, ovvero solo in presenza di altro requisito conforme alla normativa italiana ed europea applicabile.<\/p><p style=\"text-align: justify;\"><b>Modalit\u00e0 del trattamento<\/b><\/p><p style=\"text-align: justify;\">Il trattamento dei dati personali verr\u00e0 effettuato mediante idonei strumenti elettronici e\/o telematici, anche tramite infrastruttura cloud, e sono adottate misure tecniche e organizzative adeguate a garantire la sicurezza e la riservatezza dei dati. I dati personali sono conservati su server ubicati nello Spazio Economico Europeo (SEE), e\/o su ulteriori infrastrutture e servizi di fornitori tecnici necessari alla gestione tecnico-amministrativa.,<\/p><p style=\"text-align: justify;\"><b>Trattamento dei dati forniti attraverso i servizi online di d-flight<\/b><\/p><p style=\"text-align: justify;\">La presente informativa \u00e8 resa anche per l\u2019eventuale raccolta di dati personali individuali (nome, cognome, indirizzo di posta elettronica, ecc.) attraverso le procedure informatizzate implementate attraverso l\u2019utilizzo delle caselle di posta e dei servizi online messi a disposizione da d-flight. L\u2019invio facoltativo, esplicito e volontario di posta elettronica o di form online comporta la successiva acquisizione dell\u2019indirizzo del mittente, necessario per rispondere alle richieste, nonch\u00e9 degli eventuali altri dati personali inseriti nella missiva. La base giuridica del trattamento evidenziato \u00e8 rinvenibile nel legittimo interesse del titolare ai sensi dell\u2019articolo 6, paragrafo 1, lettera f) del Regolamento (UE) 2016\/679.<\/p><p style=\"text-align: justify;\"><b>\u00a0<\/b><b>Diritti dell\u2019interessato<\/b><\/p><p style=\"text-align: justify;\">Ciascun interessato in relazione ai dati personali comunicati, in qualsiasi momento, potr\u00e0 esercitare i diritti riconosciuti dagli artt. 7 (revoca del consenso in qualsiasi momento) e da 15 a 21 del GDPR tra cui in particolare:<\/p><ul style=\"margin-top: 0cm;\" type=\"disc\"><li style=\"text-align: justify; mso-list: l6 level1 lfo5; tab-stops: list 36.0pt;\">ottenere la conferma che sia o meno in corso un trattamento di dati personali che la riguardano;<\/li><li style=\"text-align: justify; mso-list: l6 level1 lfo5; tab-stops: list 36.0pt;\">accedere e chiedere copia alle seguenti informazioni: le finalit\u00e0 del trattamento, le categorie di dati personali, i destinatari o le categorie di destinatari a cui i dati personali sono stati o saranno comunicati (compresi destinatari di paesi terzi o organizzazioni internazionali), il periodo di conservazione dei dati personali previsto oppure, se non \u00e8 possibile, i criteri utilizzati per determinare tale periodo, l\u2019origine dei dati personali ove non raccolti presso l\u2019interessato, l\u2019esistenza di un processo decisionale automatizzato compresa la profilazione e informazioni sulla logica utilizzata;<\/li><li style=\"text-align: justify; mso-list: l6 level1 lfo5; tab-stops: list 36.0pt;\">richiedere la rettifica dei dati personali inesatti;<\/li><li style=\"text-align: justify; mso-list: l6 level1 lfo5; tab-stops: list 36.0pt;\">richiedere la cancellazione (diritto all\u2019oblio);<\/li><li style=\"text-align: justify; mso-list: l6 level1 lfo5; tab-stops: list 36.0pt;\">ottenere la limitazione del trattamento;<\/li><li style=\"text-align: justify; mso-list: l6 level1 lfo5; tab-stops: list 36.0pt;\">opporsi al trattamento;<\/li><li style=\"text-align: justify; mso-list: l6 level1 lfo5; tab-stops: list 36.0pt;\">integrazione dei dati personali incompleti;<\/li><li style=\"text-align: justify; mso-list: l6 level1 lfo5; tab-stops: list 36.0pt;\">ottenere la portabilit\u00e0 dei dati, attraverso un formato strutturato, di uso comune e leggibile da dispositivo automatico e di trasmettere senza impedimenti tali dati a un altro titolare del trattamento, ove tecnicamente fattibile.<\/li><\/ul><p>L\u2019Interessato potr\u00e0 esercitare i diritti riconosciuti dal GDPR, ove applicabili, mediante richiesta inoltrata al Titolare o al Responsabile della Protezione dei Dati (DPO) utilizzando i dati di contatto forniti nella presente informativa.<span style=\"font-family: 'Calibri',sans-serif; mso-fareast-font-family: 'Times New Roman'; mso-fareast-theme-font: major-fareast;\">\u00a0<\/span><\/p><p><span style=\"font-size: 9.0pt; font-family: 'Segoe UI',sans-serif;\">\u00a0<\/span><b>Diritto di proporre reclamo<\/b><\/p><p>Qualora l\u2019interessato ritenesse che i trattamenti effettuati dal Titolare possano aver violato le norme vigenti in materia di protezione dei dati personali, ha diritto di proporre reclamo all\u2019Autorit\u00e0 Garante per la protezione dei dati personali ai sensi dell\u2019articolo 77 del Regolamento (UE) 2016\/679 ai seguenti punti di contatto:<\/p><ul><li style=\"text-align: justify;\"><b><\/b><!-- [if !supportLists]-->Indirizzo: Piazza Venezia 11, 00187 Roma<\/li><li style=\"text-align: justify;\">Phone: (+39) 06.696771<\/li><li style=\"text-align: justify;\">Posta certificata:\u00a0 <a style=\"font-size: 15px; text-indent: -18pt; background-color: #ffffff;\" title=\"Questo indirizzo email \u00e8 protetto da spam: attivare Javascript per utilizzarlo\">protocollo@pec.gpdp.it<\/a><\/li><li style=\"text-align: justify;\">E-mail<b style=\"font-family: inherit; font-style: inherit; text-indent: -18pt;\">: <\/b><a style=\"font-size: 15px; text-indent: -18pt; background-color: #ffffff;\" title=\"Questo indirizzo email \u00e8 protetto da spam: attivare Javascript per utilizzarlo\"><b>protocollo@gpdp.it<\/b><\/a><i style=\"font-family: inherit; font-weight: inherit;\"><\/i><\/li><\/ul><p>\u00a0<\/p><p><i style=\"font-family: inherit; font-weight: inherit;\"><span style=\"font-size: 10.0pt; line-height: 115%;\">Ultimo aggiornamento maggio 2026<\/span><\/i><\/p><p><em><small>\u00a0<\/small><\/em><\/p>\t\t\t\t\t\t\t\t<\/div>\n\t\t\t\t<\/div>\n\t\t\t\t\t<\/div>\n\t\t<\/div>\n\t\t\t\t\t<\/div>\n\t\t<\/section>\n\t\t\t\t<section class=\"elementor-section elementor-top-section elementor-element elementor-element-d22322a elementor-section-boxed elementor-section-height-default elementor-section-height-default\" data-id=\"d22322a\" data-element_type=\"section\" data-e-type=\"section\">\n\t\t\t\t\t\t<div class=\"elementor-container elementor-column-gap-extended\">\n\t\t\t\t\t<div class=\"elementor-column elementor-col-100 elementor-top-column elementor-element elementor-element-bd9af18 sc_inner_width_none sc_content_align_inherit sc_layouts_column_icons_position_left\" data-id=\"bd9af18\" data-element_type=\"column\" data-e-type=\"column\">\n\t\t\t<div class=\"elementor-widget-wrap elementor-element-populated\">\n\t\t\t\t\t\t<div class=\"elementor-element elementor-element-cf1f474 sc_fly_static elementor-widget elementor-widget-spacer\" data-id=\"cf1f474\" data-element_type=\"widget\" data-e-type=\"widget\" data-widget_type=\"spacer.default\">\n\t\t\t\t<div class=\"elementor-widget-container\">\n\t\t\t\t\t\t\t<div class=\"elementor-spacer\">\n\t\t\t<div class=\"elementor-spacer-inner\"><\/div>\n\t\t<\/div>\n\t\t\t\t\t\t<\/div>\n\t\t\t\t<\/div>\n\t\t\t\t<div class=\"elementor-element elementor-element-4a68fea sc_fly_static elementor-widget elementor-widget-spacer\" data-id=\"4a68fea\" data-element_type=\"widget\" data-e-type=\"widget\" data-widget_type=\"spacer.default\">\n\t\t\t\t<div class=\"elementor-widget-container\">\n\t\t\t\t\t\t\t<div class=\"elementor-spacer\">\n\t\t\t<div class=\"elementor-spacer-inner\"><\/div>\n\t\t<\/div>\n\t\t\t\t\t\t<\/div>\n\t\t\t\t<\/div>\n\t\t\t\t\t<\/div>\n\t\t<\/div>\n\t\t\t\t\t<\/div>\n\t\t<\/section>\n\t\t\t\t<\/div>\n\t\t","protected":false},"excerpt":{"rendered":"<p>\u00a0INFORMATIVA SUL TRATTAMENTO DEI DATI PERSONALIai sensi dell\u2019articolo 13 del Regolamento (UE) 2016\/679 La presente informativa viene resa da d-flight Spa (di seguito, la \u201cSociet\u00e0\u201d o il \u201cTitolare\u201d) in qualit\u00e0 di titolare del trattamento ai sensi del Regolamento (UE) n.&hellip;<\/p>\n","protected":false},"author":1,"featured_media":0,"parent":0,"menu_order":0,"comment_status":"closed","ping_status":"closed","template":"","meta":{"inline_featured_image":false,"footnotes":""},"class_list":["post-2968","page","type-page","status-publish","hentry"],"_links":{"self":[{"href":"https:\/\/www.d-flight.it\/new_portal\/wp-json\/wp\/v2\/pages\/2968","targetHints":{"allow":["GET"]}}],"collection":[{"href":"https:\/\/www.d-flight.it\/new_portal\/wp-json\/wp\/v2\/pages"}],"about":[{"href":"https:\/\/www.d-flight.it\/new_portal\/wp-json\/wp\/v2\/types\/page"}],"author":[{"embeddable":true,"href":"https:\/\/www.d-flight.it\/new_portal\/wp-json\/wp\/v2\/users\/1"}],"replies":[{"embeddable":true,"href":"https:\/\/www.d-flight.it\/new_portal\/wp-json\/wp\/v2\/comments?post=2968"}],"version-history":[{"count":6,"href":"https:\/\/www.d-flight.it\/new_portal\/wp-json\/wp\/v2\/pages\/2968\/revisions"}],"predecessor-version":[{"id":6812,"href":"https:\/\/www.d-flight.it\/new_portal\/wp-json\/wp\/v2\/pages\/2968\/revisions\/6812"}],"wp:attachment":[{"href":"https:\/\/www.d-flight.it\/new_portal\/wp-json\/wp\/v2\/media?parent=2968"}],"curies":[{"name":"wp","href":"https:\/\/api.w.org\/{rel}","templated":true}]}}